{"id":2564,"date":"2022-03-30T22:24:33","date_gmt":"2022-03-30T20:24:33","guid":{"rendered":"https:\/\/sb.weboo.org\/public\/test-sema\/?page_id=2564"},"modified":"2022-04-01T16:27:53","modified_gmt":"2022-04-01T14:27:53","slug":"partenaires-inspirants","status":"publish","type":"page","link":"https:\/\/sb.weboo.org\/public\/test-sema\/partenaires-inspirants\/","title":{"rendered":"Partenaires inspirants"},"content":{"rendered":"\n<p>Depuis le d\u00e9part de notre aventure, nous avons rencontr\u00e9 et travaill\u00e9 avec des gens inspirants. Voici certains projets ou objets qui nous emballent, que nous pouvons vous proposer sur votre v\u00e9lo, ou \u00e0 c\u00f4t\u00e9 !<\/p>\n\n\n\n<p><a href=\"https:\/\/www.sellesideale.fr\/\">Selle Id\u00e9ale<\/a> &#8211; fabrication artisanale \u00e0 Toulouse (31). Une selle mythique pour un confort ultime une fois rod\u00e9e. <\/p>\n\n\n\n<figure class=\"wp-block-image size-full is-resized\"><img loading=\"lazy\" src=\"https:\/\/sb.weboo.org\/public\/test-sema\/wp-content\/uploads\/2022\/04\/selle-Ideale.jpg\" alt=\"\" class=\"wp-image-2602\" width=\"280\" height=\"283\" srcset=\"https:\/\/sb.weboo.org\/public\/test-sema\/wp-content\/uploads\/2022\/04\/selle-Ideale.jpg 560w, https:\/\/sb.weboo.org\/public\/test-sema\/wp-content\/uploads\/2022\/04\/selle-Ideale-297x300.jpg 297w\" sizes=\"(max-width: 280px) 100vw, 280px\" \/><\/figure>\n\n\n\n<p><a href=\"https:\/\/cyclesmanivelle.com\/boutique\/porte-bagages\/expe\/\">Porte-bagages Exp\u00e9 des Cycles Manivelle<\/a> &#8211; fabrication artisanale \u00e0 Strasbourg (67). Un rack \u00e0 tout faire pour installer facilement une tente, un bivy ou m\u00eame un sac \u00e9tanche.<\/p>\n\n\n\n<p><a href=\"https:\/\/cyclesmanivelle.com\/boutique\/porte-bagages\/panier-edition-ville\/\">Le Panier Caddie\/Cycles Manivelle<\/a> &#8211; fabrication \u00e0 Dettwiller (67). Un grand panier solide qui permet de charger jusqu&rsquo;\u00e0 10kg. Tr\u00e8s compatible avec <a href=\"https:\/\/cyclesmanivelle.com\/-boutique\/bagagerie-velo\/cabas\/\">le Cabas<\/a> !<\/p>\n\n\n\n<p><a href=\"https:\/\/www.baramind-bike.com\/fr\/14-produits\">Guidon Baramind<\/a> &#8211; fabrication \u00e0 La Planche (44). Un guidon fut\u00e9 qui apporte un grand confort au point de compenser une suspension. <\/p>\n\n\n\n<figure class=\"wp-block-image size-large is-resized\"><img loading=\"lazy\" src=\"https:\/\/sb.weboo.org\/public\/test-sema\/wp-content\/uploads\/2022\/04\/bam-city-1024x404.png\" alt=\"\" class=\"wp-image-2603\" width=\"282\" height=\"101\"\/><\/figure>\n\n\n\n<p><a href=\"https:\/\/berthoudcycles.fr\/fr\/1405-paire-de-garde-boue-650b-x-60mm-avant-court-fixations-inox-poli.html\">Garde-boue Berthoud<\/a> &#8211; fabrication \u00e0 Fleurville (71) \u00e0 partir de plaques d&rsquo;inox !<\/p>\n\n\n\n<p><a href=\"https:\/\/www.bakkiecycles.fr\/fr\/bakkies\/1-42-la-sacoche-bakkie-3770010131021.html#\/11-couleur-noir\">Sacoche Bakkie<\/a> &#8211; fabrication \u00e0 Comines (59) l&rsquo;accessoire id\u00e9al pour transporter des objets aux dimensions atypiques.<\/p>\n\n\n\n<figure class=\"wp-block-image size-full is-resized\"><img loading=\"lazy\" src=\"https:\/\/sb.weboo.org\/public\/test-sema\/wp-content\/uploads\/2022\/04\/la-sacoche-bakkie.jpg\" alt=\"\" class=\"wp-image-2604\" width=\"280\" height=\"280\" srcset=\"https:\/\/sb.weboo.org\/public\/test-sema\/wp-content\/uploads\/2022\/04\/la-sacoche-bakkie.jpg 600w, https:\/\/sb.weboo.org\/public\/test-sema\/wp-content\/uploads\/2022\/04\/la-sacoche-bakkie-300x300.jpg 300w, https:\/\/sb.weboo.org\/public\/test-sema\/wp-content\/uploads\/2022\/04\/la-sacoche-bakkie-150x150.jpg 150w\" sizes=\"(max-width: 280px) 100vw, 280px\" \/><\/figure>\n\n\n\n<p><a href=\"https:\/\/specialites-ta.com\/\">P\u00e9dalier, porte-bidons Specialites TA<\/a> &#8211; fabrication \u00e0 Sissonne (02).<\/p>\n\n\n\n<p><a href=\"https:\/\/lavieestbelt.fr\/collections\/accueil\">Ceinture La vie est Belt<\/a> &#8211; fabrication \u00e0 Tourcoing (59) \u00e0 partir de pneus recycl\u00e9s. <\/p>\n\n\n\n<p><a href=\"https:\/\/www.200-lemagazine.cc\/\">Magazine 200<\/a> &#8211; r\u00e9daction bas\u00e9e \u00e0 Beaumont (63).<\/p>\n","protected":false},"excerpt":{"rendered":"<p>Depuis le d\u00e9part de notre aventure, nous avons rencontr\u00e9 et travaill\u00e9 avec des gens inspirants. Voici certains projets ou objets qui nous emballent, que nous pouvons vous proposer sur votre v\u00e9lo, ou \u00e0 c\u00f4t\u00e9 ! Selle Id\u00e9ale &#8211; fabrication artisanale \u00e0 Toulouse (31). Une selle mythique pour un confort ultime une fois rod\u00e9e. Porte-bagages Exp\u00e9&hellip; <br \/> <a class=\"button small blue\" href=\"https:\/\/sb.weboo.org\/public\/test-sema\/partenaires-inspirants\/\">Lire la suite<\/a><\/p>\n","protected":false},"author":1,"featured_media":0,"parent":0,"menu_order":0,"comment_status":"closed","ping_status":"closed","template":"","meta":[],"yoast_head":"<!-- This site is optimized with the Yoast SEO plugin v19.9 - https:\/\/yoast.com\/wordpress\/plugins\/seo\/ -->\n<title>Partenaires inspirants - Cycles Semaphore<\/title>\n<meta name=\"robots\" content=\"index, follow, max-snippet:-1, max-image-preview:large, max-video-preview:-1\" \/>\n<link rel=\"canonical\" href=\"https:\/\/sb.weboo.org\/public\/test-sema\/partenaires-inspirants\/\" \/>\n<meta property=\"og:locale\" content=\"fr_FR\" \/>\n<meta property=\"og:type\" content=\"article\" \/>\n<meta property=\"og:title\" content=\"Partenaires inspirants - Cycles Semaphore\" \/>\n<meta property=\"og:description\" content=\"Depuis le d\u00e9part de notre aventure, nous avons rencontr\u00e9 et travaill\u00e9 avec des gens inspirants. Voici certains projets ou objets qui nous emballent, que nous pouvons vous proposer sur votre v\u00e9lo, ou \u00e0 c\u00f4t\u00e9 ! Selle Id\u00e9ale &#8211; fabrication artisanale \u00e0 Toulouse (31). Une selle mythique pour un confort ultime une fois rod\u00e9e. Porte-bagages Exp\u00e9&hellip; Lire la suite\" \/>\n<meta property=\"og:url\" content=\"https:\/\/sb.weboo.org\/public\/test-sema\/partenaires-inspirants\/\" \/>\n<meta property=\"og:site_name\" content=\"Cycles Semaphore\" \/>\n<meta property=\"article:publisher\" content=\"https:\/\/www.facebook.com\/cycles.semaphore\/\" \/>\n<meta property=\"article:modified_time\" content=\"2022-04-01T14:27:53+00:00\" \/>\n<meta property=\"og:image\" content=\"https:\/\/sb.weboo.org\/public\/test-sema\/wp-content\/uploads\/2022\/04\/selle-Ideale.jpg\" \/>\n<meta name=\"twitter:card\" content=\"summary_large_image\" \/>\n<meta name=\"twitter:label1\" content=\"Dur\u00e9e de lecture estim\u00e9e\" \/>\n\t<meta name=\"twitter:data1\" content=\"2 minutes\" \/>\n<script type=\"application\/ld+json\" class=\"yoast-schema-graph\">{\"@context\":\"https:\/\/schema.org\",\"@graph\":[{\"@type\":\"WebPage\",\"@id\":\"https:\/\/sb.weboo.org\/public\/test-sema\/partenaires-inspirants\/\",\"url\":\"https:\/\/sb.weboo.org\/public\/test-sema\/partenaires-inspirants\/\",\"name\":\"Partenaires inspirants - Cycles Semaphore\",\"isPartOf\":{\"@id\":\"https:\/\/sb.weboo.org\/public\/test-sema\/#website\"},\"datePublished\":\"2022-03-30T20:24:33+00:00\",\"dateModified\":\"2022-04-01T14:27:53+00:00\",\"breadcrumb\":{\"@id\":\"https:\/\/sb.weboo.org\/public\/test-sema\/partenaires-inspirants\/#breadcrumb\"},\"inLanguage\":\"fr-FR\",\"potentialAction\":[{\"@type\":\"ReadAction\",\"target\":[\"https:\/\/sb.weboo.org\/public\/test-sema\/partenaires-inspirants\/\"]}]},{\"@type\":\"BreadcrumbList\",\"@id\":\"https:\/\/sb.weboo.org\/public\/test-sema\/partenaires-inspirants\/#breadcrumb\",\"itemListElement\":[{\"@type\":\"ListItem\",\"position\":1,\"name\":\"Accueil\",\"item\":\"https:\/\/sb.weboo.org\/public\/test-sema\/\"},{\"@type\":\"ListItem\",\"position\":2,\"name\":\"Partenaires inspirants\"}]},{\"@type\":\"WebSite\",\"@id\":\"https:\/\/sb.weboo.org\/public\/test-sema\/#website\",\"url\":\"https:\/\/sb.weboo.org\/public\/test-sema\/\",\"name\":\"Cycles Semaphore\",\"description\":\"Le v\u00e9lo pour transformer le quotidien\",\"publisher\":{\"@id\":\"https:\/\/sb.weboo.org\/public\/test-sema\/#organization\"},\"potentialAction\":[{\"@type\":\"SearchAction\",\"target\":{\"@type\":\"EntryPoint\",\"urlTemplate\":\"https:\/\/sb.weboo.org\/public\/test-sema\/?s={search_term_string}\"},\"query-input\":\"required name=search_term_string\"}],\"inLanguage\":\"fr-FR\"},{\"@type\":\"Organization\",\"@id\":\"https:\/\/sb.weboo.org\/public\/test-sema\/#organization\",\"name\":\"Cycles Semaphore\",\"url\":\"https:\/\/sb.weboo.org\/public\/test-sema\/\",\"logo\":{\"@type\":\"ImageObject\",\"inLanguage\":\"fr-FR\",\"@id\":\"https:\/\/sb.weboo.org\/public\/test-sema\/#\/schema\/logo\/image\/\",\"url\":\"https:\/\/sb.weboo.org\/public\/test-sema\/wp-content\/uploads\/2020\/05\/CycleSemaphore_autocollant_blanc_35mm.png\",\"contentUrl\":\"https:\/\/sb.weboo.org\/public\/test-sema\/wp-content\/uploads\/2020\/05\/CycleSemaphore_autocollant_blanc_35mm.png\",\"width\":413,\"height\":413,\"caption\":\"Cycles Semaphore\"},\"image\":{\"@id\":\"https:\/\/sb.weboo.org\/public\/test-sema\/#\/schema\/logo\/image\/\"},\"sameAs\":[\"https:\/\/www.instagram.com\/cyclessemaphore\/\",\"https:\/\/www.youtube.com\/channel\/UCw3r2wCWj3eq9wPQHH-U7UA\",\"https:\/\/www.facebook.com\/cycles.semaphore\/\"]}]}<\/script>\n<!-- \/ Yoast SEO plugin. -->","yoast_head_json":{"title":"Partenaires inspirants - Cycles Semaphore","robots":{"index":"index","follow":"follow","max-snippet":"max-snippet:-1","max-image-preview":"max-image-preview:large","max-video-preview":"max-video-preview:-1"},"canonical":"https:\/\/sb.weboo.org\/public\/test-sema\/partenaires-inspirants\/","og_locale":"fr_FR","og_type":"article","og_title":"Partenaires inspirants - Cycles Semaphore","og_description":"Depuis le d\u00e9part de notre aventure, nous avons rencontr\u00e9 et travaill\u00e9 avec des gens inspirants. Voici certains projets ou objets qui nous emballent, que nous pouvons vous proposer sur votre v\u00e9lo, ou \u00e0 c\u00f4t\u00e9 ! Selle Id\u00e9ale &#8211; fabrication artisanale \u00e0 Toulouse (31). Une selle mythique pour un confort ultime une fois rod\u00e9e. Porte-bagages Exp\u00e9&hellip; Lire la suite","og_url":"https:\/\/sb.weboo.org\/public\/test-sema\/partenaires-inspirants\/","og_site_name":"Cycles Semaphore","article_publisher":"https:\/\/www.facebook.com\/cycles.semaphore\/","article_modified_time":"2022-04-01T14:27:53+00:00","og_image":[{"url":"https:\/\/sb.weboo.org\/public\/test-sema\/wp-content\/uploads\/2022\/04\/selle-Ideale.jpg"}],"twitter_card":"summary_large_image","twitter_misc":{"Dur\u00e9e de lecture estim\u00e9e":"2 minutes"},"schema":{"@context":"https:\/\/schema.org","@graph":[{"@type":"WebPage","@id":"https:\/\/sb.weboo.org\/public\/test-sema\/partenaires-inspirants\/","url":"https:\/\/sb.weboo.org\/public\/test-sema\/partenaires-inspirants\/","name":"Partenaires inspirants - Cycles Semaphore","isPartOf":{"@id":"https:\/\/sb.weboo.org\/public\/test-sema\/#website"},"datePublished":"2022-03-30T20:24:33+00:00","dateModified":"2022-04-01T14:27:53+00:00","breadcrumb":{"@id":"https:\/\/sb.weboo.org\/public\/test-sema\/partenaires-inspirants\/#breadcrumb"},"inLanguage":"fr-FR","potentialAction":[{"@type":"ReadAction","target":["https:\/\/sb.weboo.org\/public\/test-sema\/partenaires-inspirants\/"]}]},{"@type":"BreadcrumbList","@id":"https:\/\/sb.weboo.org\/public\/test-sema\/partenaires-inspirants\/#breadcrumb","itemListElement":[{"@type":"ListItem","position":1,"name":"Accueil","item":"https:\/\/sb.weboo.org\/public\/test-sema\/"},{"@type":"ListItem","position":2,"name":"Partenaires inspirants"}]},{"@type":"WebSite","@id":"https:\/\/sb.weboo.org\/public\/test-sema\/#website","url":"https:\/\/sb.weboo.org\/public\/test-sema\/","name":"Cycles Semaphore","description":"Le v\u00e9lo pour transformer le quotidien","publisher":{"@id":"https:\/\/sb.weboo.org\/public\/test-sema\/#organization"},"potentialAction":[{"@type":"SearchAction","target":{"@type":"EntryPoint","urlTemplate":"https:\/\/sb.weboo.org\/public\/test-sema\/?s={search_term_string}"},"query-input":"required name=search_term_string"}],"inLanguage":"fr-FR"},{"@type":"Organization","@id":"https:\/\/sb.weboo.org\/public\/test-sema\/#organization","name":"Cycles Semaphore","url":"https:\/\/sb.weboo.org\/public\/test-sema\/","logo":{"@type":"ImageObject","inLanguage":"fr-FR","@id":"https:\/\/sb.weboo.org\/public\/test-sema\/#\/schema\/logo\/image\/","url":"https:\/\/sb.weboo.org\/public\/test-sema\/wp-content\/uploads\/2020\/05\/CycleSemaphore_autocollant_blanc_35mm.png","contentUrl":"https:\/\/sb.weboo.org\/public\/test-sema\/wp-content\/uploads\/2020\/05\/CycleSemaphore_autocollant_blanc_35mm.png","width":413,"height":413,"caption":"Cycles Semaphore"},"image":{"@id":"https:\/\/sb.weboo.org\/public\/test-sema\/#\/schema\/logo\/image\/"},"sameAs":["https:\/\/www.instagram.com\/cyclessemaphore\/","https:\/\/www.youtube.com\/channel\/UCw3r2wCWj3eq9wPQHH-U7UA","https:\/\/www.facebook.com\/cycles.semaphore\/"]}]}},"_links":{"self":[{"href":"https:\/\/sb.weboo.org\/public\/test-sema\/wp-json\/wp\/v2\/pages\/2564"}],"collection":[{"href":"https:\/\/sb.weboo.org\/public\/test-sema\/wp-json\/wp\/v2\/pages"}],"about":[{"href":"https:\/\/sb.weboo.org\/public\/test-sema\/wp-json\/wp\/v2\/types\/page"}],"author":[{"embeddable":true,"href":"https:\/\/sb.weboo.org\/public\/test-sema\/wp-json\/wp\/v2\/users\/1"}],"replies":[{"embeddable":true,"href":"https:\/\/sb.weboo.org\/public\/test-sema\/wp-json\/wp\/v2\/comments?post=2564"}],"version-history":[{"count":7,"href":"https:\/\/sb.weboo.org\/public\/test-sema\/wp-json\/wp\/v2\/pages\/2564\/revisions"}],"predecessor-version":[{"id":2605,"href":"https:\/\/sb.weboo.org\/public\/test-sema\/wp-json\/wp\/v2\/pages\/2564\/revisions\/2605"}],"wp:attachment":[{"href":"https:\/\/sb.weboo.org\/public\/test-sema\/wp-json\/wp\/v2\/media?parent=2564"}],"curies":[{"name":"wp","href":"https:\/\/api.w.org\/{rel}","templated":true}]}}