{"id":1352,"date":"2018-12-11T23:43:53","date_gmt":"2018-12-11T23:43:53","guid":{"rendered":"https:\/\/weboo.org\/semaphore\/?page_id=402"},"modified":"2022-09-20T10:27:00","modified_gmt":"2022-09-20T08:27:00","slug":"tarifs","status":"publish","type":"page","link":"https:\/\/sb.weboo.org\/public\/test-sema\/atelier-velo-riom\/tarifs\/","title":{"rendered":"Tarifs r\u00e9parations"},"content":{"rendered":"\n<p>Les tarifs indiqu\u00e9s ci-dessous en prennent pas en compte le co\u00fbt des pi\u00e8ces \u00e0 remplacer.<\/p>\n\n\n\n<div class=\"wp-container-3 wp-block-columns has-2-columns\">\n<div class=\"wp-container-1 wp-block-column\">\n<h4>R\u00e9vision classique (40\u20ac)<\/h4>\n\n\n\n<ul><li>r\u00e9glage des vitesses et des freins<\/li><li>contr\u00f4le et serrage des visseries<\/li><li>gonflage des pneus<\/li><li>d\u00e9voilage des roues<\/li><li>correction du jeu de direction<\/li><li>lubrification de la cha\u00eene<\/li><\/ul>\n<\/div>\n\n\n\n<div class=\"wp-container-2 wp-block-column\">\n<h4>R\u00e9vision compl\u00e8te (60\u20ac)<\/h4>\n\n\n\n<ul><li>r\u00e9vision classique<\/li><li>graissage des moyeux, de la tige de selle, du p\u00e9dalier et de la direction<\/li><\/ul>\n<\/div>\n<\/div>\n\n\n\n<div class=\"wp-container-6 wp-block-columns has-2-columns\">\n<div class=\"wp-container-4 wp-block-column\">\n<h4>Freinage<\/h4>\n\n\n\n<ul><li>r\u00e9glage des freins 20\u20ac<\/li><li>changement d&rsquo;un c\u00e2ble et gaine de frein 10\u20ac<\/li><li>changement d&rsquo;une paire de plaquettes\/patins de freins 10\u20ac<\/li><li>changement d&rsquo;un frein tambour\/rollerbrake 30\u20ac<\/li><li>changement ou d\u00e9voilage d&rsquo;un disque de frein 10\u20ac<\/li><li>changement d&rsquo;un \u00e9trier de frein 20\u20ac<\/li><li>changement d&rsquo;un levier de frein m\u00e9canique 10\u20ac<\/li><li>changement d&rsquo;un levier ou d&rsquo;une durite de frein hydraulique et purge 40\u20ac<\/li><li>purge d&rsquo;un frein hydraulique 30\u20ac<\/li><\/ul>\n<\/div>\n\n\n\n<div class=\"wp-container-5 wp-block-column\">\n<h4>Transmission<\/h4>\n\n\n\n<ul><li>r\u00e9glage des d\u00e9railleurs 20\u20ac<\/li><li>changement de cha\u00eene 10\u20ac<\/li><li>changement roue libre ou cassette 10\u20ac<\/li><li>changement p\u00e9dalier 20\u20ac<\/li><li>taraudage, graissage ou changement du bo\u00eetier de p\u00e9dalier 25\u20ac<\/li><li>changement c\u00e2ble et gaine d&rsquo;un d\u00e9railleur 10\u20ac<\/li><li>changement levier ou manette de vitesses 15\u20ac<\/li><li>changement d&rsquo;un d\u00e9railleur 15\u20ac<\/li><li>changement ou d\u00e9gauchissage de la patte de d\u00e9railleur 15\u20ac<\/li><\/ul>\n<\/div>\n<\/div>\n\n\n\n<div class=\"wp-container-9 wp-block-columns has-2-columns\">\n<div class=\"wp-container-7 wp-block-column\">\n<h4>Roue<\/h4>\n\n\n\n<ul><li>changement de la roue avant 10\u20ac<\/li><li>changement de la roue arri\u00e8re 15\u20ac<\/li><li>d\u00e9voilage d&rsquo;une roue 20\u20ac<\/li><li>changement de rayons (max. 3) et d\u00e9voilage 30\u20ac<\/li><li>montage et rayonnage d&rsquo;une roue 60\u20ac<\/li><li>changement corps de roue libre\/cassette 40\u20ac<\/li><li>r\u00e9glage d&rsquo;un moyeu 30\u20ac<\/li><li>changement d&rsquo;un pneu, d&rsquo;une chambre \u00e0 air ou d&rsquo;un fond de jante 7.5\u20ac<\/li><li>suppl\u00e9ment roue \u00e9lectrique 10\u20ac<\/li><\/ul>\n<\/div>\n\n\n\n<div class=\"wp-container-8 wp-block-column\">\n<h4>Direction<\/h4>\n\n\n\n<ul><li>r\u00e9glage du jeu de direction 10\u20ac<\/li><li>graissage ou changement du jeu (ou des cages \u00e0 billes) de direction 30\u20ac<\/li><li>changement d&rsquo;une \u00e9to\u00eele Aheadset 20\u20ac<\/li><li>montage entretoises de direction 10\u20ac<\/li><li>changement de fourche 70\u20ac<\/li><li>coupe ou filetage du pivot de fourche 50\u20ac<\/li><li>changement d&rsquo;un cintre\/guidon 15\u20ac<\/li><li>pose d&rsquo;une guidoline 25\u20ac<\/li><li>changement d&rsquo;une potence 20\u20ac<\/li><li>changement des poign\u00e9es 5\u20ac<\/li><\/ul>\n\n\n\n<p><\/p>\n<\/div>\n<\/div>\n\n\n\n<div class=\"wp-container-12 wp-block-columns has-2-columns\">\n<div class=\"wp-container-10 wp-block-column\">\n<h4>Accessoires<\/h4>\n\n\n\n<ul><li>changement d&rsquo;une selle 5\u20ac<\/li><li>pose d&rsquo;un porte-bagage 30\u20ac<\/li><li>pose \u00e9clairage dynamo avec c\u00e2blage 50\u20ac<\/li><li>pose d&rsquo;un panier 10\u20ac<\/li><li>pose d&rsquo;une b\u00e9quille 5\u20ac<\/li><li>pose d&rsquo;une paire de garde-boue \u00e0 tringles 30\u20ac<\/li><li>changement d&rsquo;une paire de p\u00e9dales 5\u20ac<\/li><li>installation syst\u00e8me tandem Follow Me 50\u20ac<\/li><\/ul>\n<\/div>\n\n\n\n<div class=\"wp-container-11 wp-block-column\">\n<figure class=\"wp-block-image\"><img src=\"http:\/\/cycles-semaphore.com\/wp-content\/uploads\/2018\/12\/inox-vis-atelier-v\u00e9lo-2-1024x768.jpg\" alt=\"\" class=\"wp-image-434\"\/><\/figure>\n<\/div>\n<\/div>\n","protected":false},"excerpt":{"rendered":"<p>Les tarifs indiqu\u00e9s ci-dessous en prennent pas en compte le co\u00fbt des pi\u00e8ces \u00e0 remplacer. R\u00e9vision classique (40\u20ac) r\u00e9glage des vitesses et des freins contr\u00f4le et serrage des visseries gonflage des pneus d\u00e9voilage des roues correction du jeu de direction lubrification de la cha\u00eene R\u00e9vision compl\u00e8te (60\u20ac) r\u00e9vision classique graissage des moyeux, de la tige&hellip; <br \/> <a class=\"button small blue\" href=\"https:\/\/sb.weboo.org\/public\/test-sema\/atelier-velo-riom\/tarifs\/\">Lire la suite<\/a><\/p>\n","protected":false},"author":1,"featured_media":0,"parent":1347,"menu_order":1,"comment_status":"closed","ping_status":"closed","template":"","meta":[],"yoast_head":"<!-- This site is optimized with the Yoast SEO plugin v19.9 - https:\/\/yoast.com\/wordpress\/plugins\/seo\/ -->\n<title>Tarifs r\u00e9parations - Cycles Semaphore<\/title>\n<meta name=\"robots\" content=\"index, follow, max-snippet:-1, max-image-preview:large, max-video-preview:-1\" \/>\n<link rel=\"canonical\" href=\"https:\/\/sb.weboo.org\/public\/test-sema\/atelier-velo-riom\/tarifs\/\" \/>\n<meta property=\"og:locale\" content=\"fr_FR\" \/>\n<meta property=\"og:type\" content=\"article\" \/>\n<meta property=\"og:title\" content=\"Tarifs r\u00e9parations - Cycles Semaphore\" \/>\n<meta property=\"og:description\" content=\"Les tarifs indiqu\u00e9s ci-dessous en prennent pas en compte le co\u00fbt des pi\u00e8ces \u00e0 remplacer. R\u00e9vision classique (40\u20ac) r\u00e9glage des vitesses et des freins contr\u00f4le et serrage des visseries gonflage des pneus d\u00e9voilage des roues correction du jeu de direction lubrification de la cha\u00eene R\u00e9vision compl\u00e8te (60\u20ac) r\u00e9vision classique graissage des moyeux, de la tige&hellip; Lire la suite\" \/>\n<meta property=\"og:url\" content=\"https:\/\/sb.weboo.org\/public\/test-sema\/atelier-velo-riom\/tarifs\/\" \/>\n<meta property=\"og:site_name\" content=\"Cycles Semaphore\" \/>\n<meta property=\"article:publisher\" content=\"https:\/\/www.facebook.com\/cycles.semaphore\/\" \/>\n<meta property=\"article:modified_time\" content=\"2022-09-20T08:27:00+00:00\" \/>\n<meta property=\"og:image\" content=\"http:\/\/cycles-semaphore.com\/wp-content\/uploads\/2018\/12\/inox-vis-atelier-v\u00e9lo-2-1024x768.jpg\" \/>\n<meta name=\"twitter:card\" content=\"summary_large_image\" \/>\n<meta name=\"twitter:label1\" content=\"Dur\u00e9e de lecture estim\u00e9e\" \/>\n\t<meta name=\"twitter:data1\" content=\"2 minutes\" \/>\n<script type=\"application\/ld+json\" class=\"yoast-schema-graph\">{\"@context\":\"https:\/\/schema.org\",\"@graph\":[{\"@type\":\"WebPage\",\"@id\":\"https:\/\/sb.weboo.org\/public\/test-sema\/atelier-velo-riom\/tarifs\/\",\"url\":\"https:\/\/sb.weboo.org\/public\/test-sema\/atelier-velo-riom\/tarifs\/\",\"name\":\"Tarifs r\u00e9parations - Cycles Semaphore\",\"isPartOf\":{\"@id\":\"https:\/\/sb.weboo.org\/public\/test-sema\/#website\"},\"datePublished\":\"2018-12-11T23:43:53+00:00\",\"dateModified\":\"2022-09-20T08:27:00+00:00\",\"breadcrumb\":{\"@id\":\"https:\/\/sb.weboo.org\/public\/test-sema\/atelier-velo-riom\/tarifs\/#breadcrumb\"},\"inLanguage\":\"fr-FR\",\"potentialAction\":[{\"@type\":\"ReadAction\",\"target\":[\"https:\/\/sb.weboo.org\/public\/test-sema\/atelier-velo-riom\/tarifs\/\"]}]},{\"@type\":\"BreadcrumbList\",\"@id\":\"https:\/\/sb.weboo.org\/public\/test-sema\/atelier-velo-riom\/tarifs\/#breadcrumb\",\"itemListElement\":[{\"@type\":\"ListItem\",\"position\":1,\"name\":\"Accueil\",\"item\":\"https:\/\/sb.weboo.org\/public\/test-sema\/\"},{\"@type\":\"ListItem\",\"position\":2,\"name\":\"Nos v\u00e9los\",\"item\":\"https:\/\/sb.weboo.org\/public\/test-sema\/atelier-velo-riom\/\"},{\"@type\":\"ListItem\",\"position\":3,\"name\":\"Tarifs r\u00e9parations\"}]},{\"@type\":\"WebSite\",\"@id\":\"https:\/\/sb.weboo.org\/public\/test-sema\/#website\",\"url\":\"https:\/\/sb.weboo.org\/public\/test-sema\/\",\"name\":\"Cycles Semaphore\",\"description\":\"Le v\u00e9lo pour transformer le quotidien\",\"publisher\":{\"@id\":\"https:\/\/sb.weboo.org\/public\/test-sema\/#organization\"},\"potentialAction\":[{\"@type\":\"SearchAction\",\"target\":{\"@type\":\"EntryPoint\",\"urlTemplate\":\"https:\/\/sb.weboo.org\/public\/test-sema\/?s={search_term_string}\"},\"query-input\":\"required name=search_term_string\"}],\"inLanguage\":\"fr-FR\"},{\"@type\":\"Organization\",\"@id\":\"https:\/\/sb.weboo.org\/public\/test-sema\/#organization\",\"name\":\"Cycles Semaphore\",\"url\":\"https:\/\/sb.weboo.org\/public\/test-sema\/\",\"logo\":{\"@type\":\"ImageObject\",\"inLanguage\":\"fr-FR\",\"@id\":\"https:\/\/sb.weboo.org\/public\/test-sema\/#\/schema\/logo\/image\/\",\"url\":\"https:\/\/sb.weboo.org\/public\/test-sema\/wp-content\/uploads\/2020\/05\/CycleSemaphore_autocollant_blanc_35mm.png\",\"contentUrl\":\"https:\/\/sb.weboo.org\/public\/test-sema\/wp-content\/uploads\/2020\/05\/CycleSemaphore_autocollant_blanc_35mm.png\",\"width\":413,\"height\":413,\"caption\":\"Cycles Semaphore\"},\"image\":{\"@id\":\"https:\/\/sb.weboo.org\/public\/test-sema\/#\/schema\/logo\/image\/\"},\"sameAs\":[\"https:\/\/www.instagram.com\/cyclessemaphore\/\",\"https:\/\/www.youtube.com\/channel\/UCw3r2wCWj3eq9wPQHH-U7UA\",\"https:\/\/www.facebook.com\/cycles.semaphore\/\"]}]}<\/script>\n<!-- \/ Yoast SEO plugin. -->","yoast_head_json":{"title":"Tarifs r\u00e9parations - Cycles Semaphore","robots":{"index":"index","follow":"follow","max-snippet":"max-snippet:-1","max-image-preview":"max-image-preview:large","max-video-preview":"max-video-preview:-1"},"canonical":"https:\/\/sb.weboo.org\/public\/test-sema\/atelier-velo-riom\/tarifs\/","og_locale":"fr_FR","og_type":"article","og_title":"Tarifs r\u00e9parations - Cycles Semaphore","og_description":"Les tarifs indiqu\u00e9s ci-dessous en prennent pas en compte le co\u00fbt des pi\u00e8ces \u00e0 remplacer. R\u00e9vision classique (40\u20ac) r\u00e9glage des vitesses et des freins contr\u00f4le et serrage des visseries gonflage des pneus d\u00e9voilage des roues correction du jeu de direction lubrification de la cha\u00eene R\u00e9vision compl\u00e8te (60\u20ac) r\u00e9vision classique graissage des moyeux, de la tige&hellip; Lire la suite","og_url":"https:\/\/sb.weboo.org\/public\/test-sema\/atelier-velo-riom\/tarifs\/","og_site_name":"Cycles Semaphore","article_publisher":"https:\/\/www.facebook.com\/cycles.semaphore\/","article_modified_time":"2022-09-20T08:27:00+00:00","og_image":[{"url":"http:\/\/cycles-semaphore.com\/wp-content\/uploads\/2018\/12\/inox-vis-atelier-v\u00e9lo-2-1024x768.jpg"}],"twitter_card":"summary_large_image","twitter_misc":{"Dur\u00e9e de lecture estim\u00e9e":"2 minutes"},"schema":{"@context":"https:\/\/schema.org","@graph":[{"@type":"WebPage","@id":"https:\/\/sb.weboo.org\/public\/test-sema\/atelier-velo-riom\/tarifs\/","url":"https:\/\/sb.weboo.org\/public\/test-sema\/atelier-velo-riom\/tarifs\/","name":"Tarifs r\u00e9parations - Cycles Semaphore","isPartOf":{"@id":"https:\/\/sb.weboo.org\/public\/test-sema\/#website"},"datePublished":"2018-12-11T23:43:53+00:00","dateModified":"2022-09-20T08:27:00+00:00","breadcrumb":{"@id":"https:\/\/sb.weboo.org\/public\/test-sema\/atelier-velo-riom\/tarifs\/#breadcrumb"},"inLanguage":"fr-FR","potentialAction":[{"@type":"ReadAction","target":["https:\/\/sb.weboo.org\/public\/test-sema\/atelier-velo-riom\/tarifs\/"]}]},{"@type":"BreadcrumbList","@id":"https:\/\/sb.weboo.org\/public\/test-sema\/atelier-velo-riom\/tarifs\/#breadcrumb","itemListElement":[{"@type":"ListItem","position":1,"name":"Accueil","item":"https:\/\/sb.weboo.org\/public\/test-sema\/"},{"@type":"ListItem","position":2,"name":"Nos v\u00e9los","item":"https:\/\/sb.weboo.org\/public\/test-sema\/atelier-velo-riom\/"},{"@type":"ListItem","position":3,"name":"Tarifs r\u00e9parations"}]},{"@type":"WebSite","@id":"https:\/\/sb.weboo.org\/public\/test-sema\/#website","url":"https:\/\/sb.weboo.org\/public\/test-sema\/","name":"Cycles Semaphore","description":"Le v\u00e9lo pour transformer le quotidien","publisher":{"@id":"https:\/\/sb.weboo.org\/public\/test-sema\/#organization"},"potentialAction":[{"@type":"SearchAction","target":{"@type":"EntryPoint","urlTemplate":"https:\/\/sb.weboo.org\/public\/test-sema\/?s={search_term_string}"},"query-input":"required name=search_term_string"}],"inLanguage":"fr-FR"},{"@type":"Organization","@id":"https:\/\/sb.weboo.org\/public\/test-sema\/#organization","name":"Cycles Semaphore","url":"https:\/\/sb.weboo.org\/public\/test-sema\/","logo":{"@type":"ImageObject","inLanguage":"fr-FR","@id":"https:\/\/sb.weboo.org\/public\/test-sema\/#\/schema\/logo\/image\/","url":"https:\/\/sb.weboo.org\/public\/test-sema\/wp-content\/uploads\/2020\/05\/CycleSemaphore_autocollant_blanc_35mm.png","contentUrl":"https:\/\/sb.weboo.org\/public\/test-sema\/wp-content\/uploads\/2020\/05\/CycleSemaphore_autocollant_blanc_35mm.png","width":413,"height":413,"caption":"Cycles Semaphore"},"image":{"@id":"https:\/\/sb.weboo.org\/public\/test-sema\/#\/schema\/logo\/image\/"},"sameAs":["https:\/\/www.instagram.com\/cyclessemaphore\/","https:\/\/www.youtube.com\/channel\/UCw3r2wCWj3eq9wPQHH-U7UA","https:\/\/www.facebook.com\/cycles.semaphore\/"]}]}},"_links":{"self":[{"href":"https:\/\/sb.weboo.org\/public\/test-sema\/wp-json\/wp\/v2\/pages\/1352"}],"collection":[{"href":"https:\/\/sb.weboo.org\/public\/test-sema\/wp-json\/wp\/v2\/pages"}],"about":[{"href":"https:\/\/sb.weboo.org\/public\/test-sema\/wp-json\/wp\/v2\/types\/page"}],"author":[{"embeddable":true,"href":"https:\/\/sb.weboo.org\/public\/test-sema\/wp-json\/wp\/v2\/users\/1"}],"replies":[{"embeddable":true,"href":"https:\/\/sb.weboo.org\/public\/test-sema\/wp-json\/wp\/v2\/comments?post=1352"}],"version-history":[{"count":13,"href":"https:\/\/sb.weboo.org\/public\/test-sema\/wp-json\/wp\/v2\/pages\/1352\/revisions"}],"predecessor-version":[{"id":2743,"href":"https:\/\/sb.weboo.org\/public\/test-sema\/wp-json\/wp\/v2\/pages\/1352\/revisions\/2743"}],"up":[{"embeddable":true,"href":"https:\/\/sb.weboo.org\/public\/test-sema\/wp-json\/wp\/v2\/pages\/1347"}],"wp:attachment":[{"href":"https:\/\/sb.weboo.org\/public\/test-sema\/wp-json\/wp\/v2\/media?parent=1352"}],"curies":[{"name":"wp","href":"https:\/\/api.w.org\/{rel}","templated":true}]}}