{"id":1259,"date":"2019-01-11T10:31:33","date_gmt":"2019-01-11T09:31:33","guid":{"rendered":"https:\/\/weboo.org\/semaphore\/?page_id=1259"},"modified":"2022-09-30T14:52:09","modified_gmt":"2022-09-30T12:52:09","slug":"accueil","status":"publish","type":"page","link":"https:\/\/sb.weboo.org\/public\/test-sema\/","title":{"rendered":"Accueil"},"content":{"rendered":"\n<h4 class=\"has-text-align-center\">Notre plaidoyer<\/h4>\n\n\n\n<p>Les Cycles S\u00e9maphore sont une entreprise artisanale. Cela induit une mani\u00e8re de travailler particuli\u00e8re, valorisant le savoir-faire et le travail manuel, \u00e0 petite \u00e9chelle.<\/p>\n\n\n\n<p>Dans l&rsquo;ensemble de nos activit\u00e9s, nous privil\u00e9gions des liens forts avec notre territoire. Cette proximit\u00e9 nous permet de conna\u00eetre les personnes qui agissent avec nous.<\/p>\n\n\n\n<p>Nous intervenons dans les champs de la mobilit\u00e9, nous croyons au v\u00e9lo comme un objet vecteur de rencontres qui favorise l&rsquo;\u00e9mancipation individuelle.<\/p>\n\n\n\n<div style=\"height:50px\" aria-hidden=\"true\" class=\"wp-block-spacer\"><\/div>\n\n\n\n<hr class=\"wp-block-separator\"\/>\n\n\n\n<div class=\"wp-container-5 wp-block-columns has-3-columns\">\n<div class=\"wp-container-1 wp-block-column\">\n<figure class=\"wp-block-image\"><img src=\"https:\/\/sb.weboo.org\/public\/test-sema\/wp-content\/uploads\/2018\/12\/velo-rallonge-paves-2-1024x768.jpg\" alt=\"\" class=\"wp-image-478\"\/><\/figure>\n\n\n\n<h4 class=\"has-text-align-center\">Nos v\u00e9los<\/h4>\n\n\n\n<p class=\"has-text-align-center\">Nous fabriquons artisanalement des v\u00e9los rallong\u00e9s et des v\u00e9los d&rsquo;aventure. <\/p>\n\n\n\n<p class=\"has-text-align-center has-black-color has-text-color\">Nous revendons aussi les v\u00e9los enfants Woom Bikes et les tandems Pino.<\/p>\n\n\n\n<div class=\"wp-block-button aligncenter is-style-default\"><a class=\"wp-block-button__link has-text-color has-background\" href=\"https:\/\/sb.weboo.org\/public\/test-sema\/atelier-velo-riom\/\" style=\"background-color:#870303;color:#ffffff\">D\u00e9couvrir nos v\u00e9los.<\/a><\/div>\n\n\n\n<div style=\"height:50px\" aria-hidden=\"true\" class=\"wp-block-spacer\"><\/div>\n<\/div>\n\n\n\n<div class=\"wp-container-2 wp-block-column\">\n<figure class=\"wp-block-image size-large\"><img loading=\"lazy\" width=\"1024\" height=\"779\" src=\"https:\/\/sb.weboo.org\/public\/test-sema\/wp-content\/uploads\/2022\/05\/atelier-1-1024x779.jpg\" alt=\"\" class=\"wp-image-2673\" srcset=\"https:\/\/sb.weboo.org\/public\/test-sema\/wp-content\/uploads\/2022\/05\/atelier-1-1024x779.jpg 1024w, https:\/\/sb.weboo.org\/public\/test-sema\/wp-content\/uploads\/2022\/05\/atelier-1-300x228.jpg 300w, https:\/\/sb.weboo.org\/public\/test-sema\/wp-content\/uploads\/2022\/05\/atelier-1-768x584.jpg 768w, https:\/\/sb.weboo.org\/public\/test-sema\/wp-content\/uploads\/2022\/05\/atelier-1.jpg 1028w\" sizes=\"(max-width: 1024px) 100vw, 1024px\" \/><\/figure>\n\n\n\n<h4 class=\"has-text-align-center\">L&rsquo;atelier<\/h4>\n\n\n\n<p class=\"has-text-align-center\">Dans notre atelier riomois, nous avons tout le mat\u00e9riel et l\u2019expertise pour r\u00e9parer ou faire \u00e9voluer votre v\u00e9lo, lui donner une nouvelle vie et le remettre au go\u00fbt du jour.<\/p>\n\n\n\n<div class=\"wp-block-button aligncenter is-style-default\"><a class=\"wp-block-button__link has-text-color has-background\" href=\"https:\/\/sb.weboo.org\/public\/test-sema\/atelier-velo-riom\/tarifs\/\" style=\"background-color:#f1c627;color:#ffffff\">Voir nos tarifs.<br><\/a><\/div>\n\n\n\n<div style=\"height:50px\" aria-hidden=\"true\" class=\"wp-block-spacer\"><\/div>\n<\/div>\n\n\n\n<div class=\"wp-container-3 wp-block-column\">\n<figure class=\"wp-block-image size-large\"><img loading=\"lazy\" width=\"1024\" height=\"768\" src=\"https:\/\/sb.weboo.org\/public\/test-sema\/wp-content\/uploads\/2022\/05\/cabestan-1-1024x768.jpg\" alt=\"\" class=\"wp-image-2671\" srcset=\"https:\/\/sb.weboo.org\/public\/test-sema\/wp-content\/uploads\/2022\/05\/cabestan-1-1024x768.jpg 1024w, https:\/\/sb.weboo.org\/public\/test-sema\/wp-content\/uploads\/2022\/05\/cabestan-1-300x225.jpg 300w, https:\/\/sb.weboo.org\/public\/test-sema\/wp-content\/uploads\/2022\/05\/cabestan-1-768x576.jpg 768w, https:\/\/sb.weboo.org\/public\/test-sema\/wp-content\/uploads\/2022\/05\/cabestan-1.jpg 1200w\" sizes=\"(max-width: 1024px) 100vw, 1024px\" \/><\/figure>\n\n\n\n<h4 class=\"has-text-align-center\">Boutique<\/h4>\n\n\n\n<p class=\"has-text-align-center\">Nous avons des p\u00e9pites qui passent dans l&rsquo;atelier. Ces trouvailles sont en tout petit nombre, n&rsquo;h\u00e9sitez pas \u00e0 nous interroger.<\/p>\n\n\n\n<div class=\"wp-block-button aligncenter is-style-default is-style-fill\"><a class=\"wp-block-button__link has-text-color has-background\" href=\"https:\/\/cyclessemaphore.bigcartel.com\" style=\"background-color:#298161;color:#ffffff\">Boutique en ligne.<br><\/a><\/div>\n\n\n\n<div style=\"height:50px\" aria-hidden=\"true\" class=\"wp-block-spacer\"><\/div>\n<\/div>\n\n\n\n<div class=\"wp-container-4 wp-block-column\">\n<figure class=\"wp-block-image size-full\"><img loading=\"lazy\" width=\"1024\" height=\"778\" src=\"https:\/\/sb.weboo.org\/public\/test-sema\/wp-content\/uploads\/2022\/05\/ciel.jpg\" alt=\"\" class=\"wp-image-2675\" srcset=\"https:\/\/sb.weboo.org\/public\/test-sema\/wp-content\/uploads\/2022\/05\/ciel.jpg 1024w, https:\/\/sb.weboo.org\/public\/test-sema\/wp-content\/uploads\/2022\/05\/ciel-300x228.jpg 300w, https:\/\/sb.weboo.org\/public\/test-sema\/wp-content\/uploads\/2022\/05\/ciel-768x584.jpg 768w\" sizes=\"(max-width: 1024px) 100vw, 1024px\" \/><\/figure>\n\n\n\n<h4 class=\"has-text-align-center\">A propos<\/h4>\n\n\n\n<p class=\"has-text-align-center\">D\u00e8s que possible, nous \u00e9crivons des articles de blog, nous animons des formations autour des questions de mobilit\u00e9, ou encore nous allons \u00e0 la rencontre de partenaires inspirants !<br><\/p>\n\n\n\n<div class=\"wp-block-button aligncenter is-style-default\"><a class=\"wp-block-button__link has-text-color has-background\" href=\"https:\/\/sb.weboo.org\/public\/test-sema\/a-propos\/\" style=\"background-color:#0e4161;color:#ffffff\">Nous lire et plus.<br><\/a><\/div>\n\n\n\n<div style=\"height:50px\" aria-hidden=\"true\" class=\"wp-block-spacer\"><\/div>\n<\/div>\n<\/div>\n\n\n\n<div style=\"height:50px\" aria-hidden=\"true\" class=\"wp-block-spacer\"><\/div>\n\n\n\n<hr class=\"wp-block-separator\"\/>\n\n\n\n<div style=\"height:50px\" aria-hidden=\"true\" class=\"wp-block-spacer\"><\/div>\n\n\n\n<h5 class=\"has-text-align-center\">On parle de nous :<\/h5>\n\n\n\n<ul><li><a href=\"https:\/\/www.cycles-semaphore.com\/wp-content\/uploads\/2019\/05\/100-Riom.pdf\">article dans 100% Riom<\/a><\/li><li><a href=\"https:\/\/www.lamontagne.fr\/riom-63200\/actualites\/artisan-commercant-sportif-qui-sont-les-acteurs-du-velo-a-riom_13834018\/\" target=\"_blank\" rel=\"noreferrer noopener\">article dans La Montagne<\/a><\/li><li>Ma Pinch \u2013 carte de visite sonore \u2013&nbsp;<a href=\"https:\/\/soundcloud.com\/ma-pinch\/cycles-semaphore\">\u00e9coutez le podcast<\/a><\/li><li>Radio campus \u2013 place des projets \u2013&nbsp;<a href=\"http:\/\/www.campus-clermont.net\/onair\/podcast\/player\/?date=2020-02-11&amp;time=17#campus_player\">cliquez ici<\/a>&nbsp;!<\/li><\/ul>\n\n\n\n<div style=\"height:50px\" aria-hidden=\"true\" class=\"wp-block-spacer\"><\/div>\n\n\n\n<hr class=\"wp-block-separator\"\/>\n\n\n\n<div style=\"height:50px\" aria-hidden=\"true\" class=\"wp-block-spacer\"><\/div>\n\n\n\n<h5 class=\"has-text-align-center\">On participe \u00e0 tout \u00e7a :<\/h5>\n\n\n\n<div class=\"wp-container-13 wp-block-columns are-vertically-aligned-center has-7-columns\">\n<div class=\"wp-container-6 wp-block-column is-vertically-aligned-center\"><\/div>\n\n\n\n<div class=\"wp-container-7 wp-block-column is-vertically-aligned-center\">\n<figure class=\"wp-block-image is-resized clients-grid-itemimg\"><a href=\"https:\/\/doume.org\/\" target=\"_blank\" rel=\"noreferrer noopener\"><img loading=\"lazy\" src=\"https:\/\/sb.weboo.org\/public\/test-sema\/wp-content\/uploads\/2018\/12\/doume.jpg\" alt=\"\" class=\"wp-image-500\" width=\"96\" height=\"75\" srcset=\"https:\/\/sb.weboo.org\/public\/test-sema\/wp-content\/uploads\/2018\/12\/doume.jpg 391w, https:\/\/sb.weboo.org\/public\/test-sema\/wp-content\/uploads\/2018\/12\/doume-300x236.jpg 300w\" sizes=\"(max-width: 96px) 100vw, 96px\" \/><\/a><\/figure>\n<\/div>\n\n\n\n<div class=\"wp-container-8 wp-block-column is-vertically-aligned-center\">\n<div class=\"wp-block-image clients-grid-itemimg\"><figure class=\"aligncenter size-large\"><a href=\"https:\/\/www.annuaire-reparation.fr\/reparateur\/51378?category=9&amp;address=63200%20Riom,%20France\"><img loading=\"lazy\" width=\"1024\" height=\"569\" src=\"https:\/\/sb.weboo.org\/public\/test-sema\/wp-content\/uploads\/2021\/03\/Repar-acteurs-1024x569.png\" alt=\"\" class=\"wp-image-2265\"\/><\/a><\/figure><\/div>\n<\/div>\n\n\n\n<div class=\"wp-container-9 wp-block-column is-vertically-aligned-center\">\n<figure class=\"wp-block-image size-large clients-grid-itemimg\"><a href=\"https:\/\/www.associationartisansducycle.com\/\" target=\"_blank\" rel=\"noreferrer noopener\"><img loading=\"lazy\" width=\"1024\" height=\"562\" src=\"https:\/\/sb.weboo.org\/public\/test-sema\/wp-content\/uploads\/2021\/03\/aac-1024x562.png\" alt=\"\" class=\"wp-image-2264\"\/><\/a><\/figure>\n<\/div>\n\n\n\n<div class=\"wp-container-10 wp-block-column is-vertically-aligned-center\">\n<figure class=\"wp-block-image size-large clients-grid-itemimg\"><a href=\"https:\/\/www.railcoop.fr\/etre-societaire\/\" target=\"_blank\" rel=\"noreferrer noopener\"><img loading=\"lazy\" width=\"1024\" height=\"280\" src=\"https:\/\/sb.weboo.org\/public\/test-sema\/wp-content\/uploads\/2021\/03\/railcoop_logo_noir-couleur_rouge_cmjn-1024x280.jpg\" alt=\"\" class=\"wp-image-2263\"\/><\/a><\/figure>\n<\/div>\n\n\n\n<div class=\"wp-container-11 wp-block-column is-vertically-aligned-center\">\n<figure class=\"wp-block-image is-resized clients-grid-itemimg\"><a href=\"http:\/\/www.lesboitesavelo.org\/\" target=\"_blank\" rel=\"noreferrer noopener\"><img loading=\"lazy\" src=\"https:\/\/sb.weboo.org\/public\/test-sema\/wp-content\/uploads\/2018\/12\/boites-a-velo-1.jpg\" alt=\"\" class=\"wp-image-555\" width=\"82\" height=\"75\"\/><\/a><\/figure>\n<\/div>\n\n\n\n<div class=\"wp-container-12 wp-block-column is-vertically-aligned-center\">\n<figure class=\"wp-block-image size-thumbnail clients-grid-itemimg\"><img loading=\"lazy\" width=\"150\" height=\"150\" src=\"https:\/\/sb.weboo.org\/public\/test-sema\/wp-content\/uploads\/2022\/05\/logo_sailcoop_p-150x150.jpg\" alt=\"\" class=\"wp-image-2718\"\/><\/figure>\n<\/div>\n<\/div>\n\n\n\n<div style=\"height:50px\" aria-hidden=\"true\" class=\"wp-block-spacer\"><\/div>\n\n\n\n<hr class=\"wp-block-separator\"\/>\n\n\n\n<div style=\"height:50px\" aria-hidden=\"true\" class=\"wp-block-spacer\"><\/div>\n\n\n\n<h5 class=\"has-text-align-center\">Restons en contact :<\/h5>\n\n\n\n<div style=\"height:30px\" aria-hidden=\"true\" class=\"wp-block-spacer\"><\/div>\n\n\n\n<div class=\"wp-container-24 wp-block-columns has-4-columns\">\n<div class=\"wp-container-15 wp-block-column\">\n<div class=\"wp-duotone-000000-ffffff-14 wp-block-image\"><figure class=\"aligncenter is-resized\"><a href=\"https:\/\/www.facebook.com\/cycles.semaphore\/\" target=\"_blank\" rel=\"noreferrer noopener\"><img loading=\"lazy\" src=\"http:\/\/cycles-semaphore.com\/wp-content\/uploads\/2019\/01\/iconfinder_facebook_circle_294710-150x150.png\" alt=\"\" class=\"wp-image-1281\" width=\"75\" height=\"75\" srcset=\"https:\/\/sb.weboo.org\/public\/test-sema\/wp-content\/uploads\/2019\/01\/iconfinder_facebook_circle_294710-150x150.png 150w, https:\/\/sb.weboo.org\/public\/test-sema\/wp-content\/uploads\/2019\/01\/iconfinder_facebook_circle_294710-300x300.png 300w, https:\/\/sb.weboo.org\/public\/test-sema\/wp-content\/uploads\/2019\/01\/iconfinder_facebook_circle_294710.png 512w\" sizes=\"(max-width: 75px) 100vw, 75px\" \/><\/a><\/figure><\/div>\n<\/div>\n\n\n\n<div class=\"wp-container-17 wp-block-column\">\n<div class=\"wp-duotone-000000-ffffff-16 wp-block-image\"><figure class=\"aligncenter is-resized\"><a href=\"https:\/\/www.instagram.com\/cyclessemaphore\/\" target=\"_blank\" rel=\"noreferrer noopener\"><img loading=\"lazy\" src=\"http:\/\/cycles-semaphore.com\/wp-content\/uploads\/2019\/01\/iconfinder_instagram_circle_294711-150x150.png\" alt=\"\" class=\"wp-image-1279\" width=\"75\" height=\"75\" srcset=\"https:\/\/sb.weboo.org\/public\/test-sema\/wp-content\/uploads\/2019\/01\/iconfinder_instagram_circle_294711-150x150.png 150w, https:\/\/sb.weboo.org\/public\/test-sema\/wp-content\/uploads\/2019\/01\/iconfinder_instagram_circle_294711-300x300.png 300w, https:\/\/sb.weboo.org\/public\/test-sema\/wp-content\/uploads\/2019\/01\/iconfinder_instagram_circle_294711.png 512w\" sizes=\"(max-width: 75px) 100vw, 75px\" \/><\/a><\/figure><\/div>\n<\/div>\n\n\n\n<div class=\"wp-container-19 wp-block-column\">\n<div class=\"wp-duotone-000000-ffffff-18 wp-block-image\"><figure class=\"aligncenter is-resized\"><a href=\"https:\/\/www.youtube.com\/channel\/UCw3r2wCWj3eq9wPQHH-U7UA\" target=\"_blank\" rel=\"noreferrer noopener\"><img loading=\"lazy\" src=\"http:\/\/cycles-semaphore.com\/wp-content\/uploads\/2019\/01\/iconfinder_youtube_circle_294712-150x150.png\" alt=\"\" class=\"wp-image-1280\" width=\"75\" height=\"75\" srcset=\"https:\/\/sb.weboo.org\/public\/test-sema\/wp-content\/uploads\/2019\/01\/iconfinder_youtube_circle_294712-150x150.png 150w, https:\/\/sb.weboo.org\/public\/test-sema\/wp-content\/uploads\/2019\/01\/iconfinder_youtube_circle_294712-300x300.png 300w, https:\/\/sb.weboo.org\/public\/test-sema\/wp-content\/uploads\/2019\/01\/iconfinder_youtube_circle_294712.png 512w\" sizes=\"(max-width: 75px) 100vw, 75px\" \/><\/a><\/figure><\/div>\n<\/div>\n\n\n\n<div class=\"wp-container-21 wp-block-column\">\n<div class=\"wp-duotone-000000-ffffff-20 wp-block-image\"><figure class=\"aligncenter is-resized\"><a href=\"https:\/\/sb.weboo.org\/public\/test-sema\/contact-2\/\"><img loading=\"lazy\" src=\"https:\/\/sb.weboo.org\/public\/test-sema\/wp-content\/uploads\/2019\/01\/logo-contact-150x150.png\" alt=\"\" class=\"wp-image-1283\" width=\"75\" height=\"75\" srcset=\"https:\/\/sb.weboo.org\/public\/test-sema\/wp-content\/uploads\/2019\/01\/logo-contact-150x150.png 150w, https:\/\/sb.weboo.org\/public\/test-sema\/wp-content\/uploads\/2019\/01\/logo-contact.png 250w\" sizes=\"(max-width: 75px) 100vw, 75px\" \/><\/a><\/figure><\/div>\n<\/div>\n\n\n\n<div class=\"wp-container-23 wp-block-column\">\n<div class=\"wp-duotone-000000-ffffff-22 wp-block-image is-style-circle-mask\"><figure class=\"aligncenter size-large is-resized\"><a href=\"https:\/\/sb.weboo.org\/public\/test-sema\/blog\/\"><img loading=\"lazy\" src=\"https:\/\/sb.weboo.org\/public\/test-sema\/wp-content\/uploads\/2020\/02\/Rss.png\" alt=\"\" class=\"wp-image-1930\" width=\"75\" height=\"75\"\/><\/a><\/figure><\/div>\n<\/div>\n<\/div>\n\n\n\n<div style=\"height:20px\" aria-hidden=\"true\" class=\"wp-block-spacer\"><\/div>\n\n\n\n<p><\/p>\n","protected":false},"excerpt":{"rendered":"<p>Notre plaidoyer Les Cycles S\u00e9maphore sont une entreprise artisanale. Cela induit une mani\u00e8re de travailler particuli\u00e8re, valorisant le savoir-faire et le travail manuel, \u00e0 petite \u00e9chelle. Dans l&rsquo;ensemble de nos activit\u00e9s, nous privil\u00e9gions des liens forts avec notre territoire. Cette proximit\u00e9 nous permet de conna\u00eetre les personnes qui agissent avec nous. Nous intervenons dans les&hellip; <br \/> <a class=\"button small blue\" href=\"https:\/\/sb.weboo.org\/public\/test-sema\/\">Lire la suite<\/a><\/p>\n","protected":false},"author":1,"featured_media":0,"parent":0,"menu_order":0,"comment_status":"closed","ping_status":"closed","template":"page-templates\/homepage.php","meta":[],"yoast_head":"<!-- This site is optimized with the Yoast SEO plugin v19.9 - https:\/\/yoast.com\/wordpress\/plugins\/seo\/ -->\n<title>Accueil - Cycles Semaphore<\/title>\n<meta name=\"description\" content=\"Le v\u00e9lo cargo rallong\u00e9 familial S\u00e9maphore s&#039;adapte \u00e0 vos usages quotidiens (transporter vos enfants ou vos courses). Il est assembl\u00e9 artisanalement \u00e0 Riom.\" \/>\n<meta name=\"robots\" content=\"index, follow, max-snippet:-1, max-image-preview:large, max-video-preview:-1\" \/>\n<link rel=\"canonical\" href=\"https:\/\/sb.weboo.org\/public\/test-sema\/\" \/>\n<meta property=\"og:locale\" content=\"fr_FR\" \/>\n<meta property=\"og:type\" content=\"article\" \/>\n<meta property=\"og:title\" content=\"Accueil - Cycles Semaphore\" \/>\n<meta property=\"og:description\" content=\"Le v\u00e9lo cargo rallong\u00e9 familial S\u00e9maphore s&#039;adapte \u00e0 vos usages quotidiens (transporter vos enfants ou vos courses). Il est assembl\u00e9 artisanalement \u00e0 Riom.\" \/>\n<meta property=\"og:url\" content=\"https:\/\/sb.weboo.org\/public\/test-sema\/\" \/>\n<meta property=\"og:site_name\" content=\"Cycles Semaphore\" \/>\n<meta property=\"article:publisher\" content=\"https:\/\/www.facebook.com\/cycles.semaphore\/\" \/>\n<meta property=\"article:modified_time\" content=\"2022-09-30T12:52:09+00:00\" \/>\n<meta property=\"og:image\" content=\"https:\/\/sb.weboo.org\/public\/test-sema\/wp-content\/uploads\/2018\/12\/velo-rallonge-paves-2-1024x768.jpg\" \/>\n<meta name=\"twitter:card\" content=\"summary_large_image\" \/>\n<meta name=\"twitter:label1\" content=\"Dur\u00e9e de lecture estim\u00e9e\" \/>\n\t<meta name=\"twitter:data1\" content=\"5 minutes\" \/>\n<script type=\"application\/ld+json\" class=\"yoast-schema-graph\">{\"@context\":\"https:\/\/schema.org\",\"@graph\":[{\"@type\":\"WebPage\",\"@id\":\"https:\/\/sb.weboo.org\/public\/test-sema\/\",\"url\":\"https:\/\/sb.weboo.org\/public\/test-sema\/\",\"name\":\"Accueil - Cycles Semaphore\",\"isPartOf\":{\"@id\":\"https:\/\/sb.weboo.org\/public\/test-sema\/#website\"},\"datePublished\":\"2019-01-11T09:31:33+00:00\",\"dateModified\":\"2022-09-30T12:52:09+00:00\",\"description\":\"Le v\u00e9lo cargo rallong\u00e9 familial S\u00e9maphore s'adapte \u00e0 vos usages quotidiens (transporter vos enfants ou vos courses). Il est assembl\u00e9 artisanalement \u00e0 Riom.\",\"breadcrumb\":{\"@id\":\"https:\/\/sb.weboo.org\/public\/test-sema\/#breadcrumb\"},\"inLanguage\":\"fr-FR\",\"potentialAction\":[{\"@type\":\"ReadAction\",\"target\":[\"https:\/\/sb.weboo.org\/public\/test-sema\/\"]}]},{\"@type\":\"BreadcrumbList\",\"@id\":\"https:\/\/sb.weboo.org\/public\/test-sema\/#breadcrumb\",\"itemListElement\":[{\"@type\":\"ListItem\",\"position\":1,\"name\":\"Accueil\",\"item\":\"https:\/\/sb.weboo.org\/public\/test-sema\/\"},{\"@type\":\"ListItem\",\"position\":2,\"name\":\"Accueil\"}]},{\"@type\":\"WebSite\",\"@id\":\"https:\/\/sb.weboo.org\/public\/test-sema\/#website\",\"url\":\"https:\/\/sb.weboo.org\/public\/test-sema\/\",\"name\":\"Cycles Semaphore\",\"description\":\"Le v\u00e9lo pour transformer le quotidien\",\"publisher\":{\"@id\":\"https:\/\/sb.weboo.org\/public\/test-sema\/#organization\"},\"potentialAction\":[{\"@type\":\"SearchAction\",\"target\":{\"@type\":\"EntryPoint\",\"urlTemplate\":\"https:\/\/sb.weboo.org\/public\/test-sema\/?s={search_term_string}\"},\"query-input\":\"required name=search_term_string\"}],\"inLanguage\":\"fr-FR\"},{\"@type\":\"Organization\",\"@id\":\"https:\/\/sb.weboo.org\/public\/test-sema\/#organization\",\"name\":\"Cycles Semaphore\",\"url\":\"https:\/\/sb.weboo.org\/public\/test-sema\/\",\"logo\":{\"@type\":\"ImageObject\",\"inLanguage\":\"fr-FR\",\"@id\":\"https:\/\/sb.weboo.org\/public\/test-sema\/#\/schema\/logo\/image\/\",\"url\":\"https:\/\/sb.weboo.org\/public\/test-sema\/wp-content\/uploads\/2020\/05\/CycleSemaphore_autocollant_blanc_35mm.png\",\"contentUrl\":\"https:\/\/sb.weboo.org\/public\/test-sema\/wp-content\/uploads\/2020\/05\/CycleSemaphore_autocollant_blanc_35mm.png\",\"width\":413,\"height\":413,\"caption\":\"Cycles Semaphore\"},\"image\":{\"@id\":\"https:\/\/sb.weboo.org\/public\/test-sema\/#\/schema\/logo\/image\/\"},\"sameAs\":[\"https:\/\/www.instagram.com\/cyclessemaphore\/\",\"https:\/\/www.youtube.com\/channel\/UCw3r2wCWj3eq9wPQHH-U7UA\",\"https:\/\/www.facebook.com\/cycles.semaphore\/\"]}]}<\/script>\n<!-- \/ Yoast SEO plugin. -->","yoast_head_json":{"title":"Accueil - Cycles Semaphore","description":"Le v\u00e9lo cargo rallong\u00e9 familial S\u00e9maphore s'adapte \u00e0 vos usages quotidiens (transporter vos enfants ou vos courses). Il est assembl\u00e9 artisanalement \u00e0 Riom.","robots":{"index":"index","follow":"follow","max-snippet":"max-snippet:-1","max-image-preview":"max-image-preview:large","max-video-preview":"max-video-preview:-1"},"canonical":"https:\/\/sb.weboo.org\/public\/test-sema\/","og_locale":"fr_FR","og_type":"article","og_title":"Accueil - Cycles Semaphore","og_description":"Le v\u00e9lo cargo rallong\u00e9 familial S\u00e9maphore s'adapte \u00e0 vos usages quotidiens (transporter vos enfants ou vos courses). Il est assembl\u00e9 artisanalement \u00e0 Riom.","og_url":"https:\/\/sb.weboo.org\/public\/test-sema\/","og_site_name":"Cycles Semaphore","article_publisher":"https:\/\/www.facebook.com\/cycles.semaphore\/","article_modified_time":"2022-09-30T12:52:09+00:00","og_image":[{"url":"https:\/\/sb.weboo.org\/public\/test-sema\/wp-content\/uploads\/2018\/12\/velo-rallonge-paves-2-1024x768.jpg"}],"twitter_card":"summary_large_image","twitter_misc":{"Dur\u00e9e de lecture estim\u00e9e":"5 minutes"},"schema":{"@context":"https:\/\/schema.org","@graph":[{"@type":"WebPage","@id":"https:\/\/sb.weboo.org\/public\/test-sema\/","url":"https:\/\/sb.weboo.org\/public\/test-sema\/","name":"Accueil - Cycles Semaphore","isPartOf":{"@id":"https:\/\/sb.weboo.org\/public\/test-sema\/#website"},"datePublished":"2019-01-11T09:31:33+00:00","dateModified":"2022-09-30T12:52:09+00:00","description":"Le v\u00e9lo cargo rallong\u00e9 familial S\u00e9maphore s'adapte \u00e0 vos usages quotidiens (transporter vos enfants ou vos courses). Il est assembl\u00e9 artisanalement \u00e0 Riom.","breadcrumb":{"@id":"https:\/\/sb.weboo.org\/public\/test-sema\/#breadcrumb"},"inLanguage":"fr-FR","potentialAction":[{"@type":"ReadAction","target":["https:\/\/sb.weboo.org\/public\/test-sema\/"]}]},{"@type":"BreadcrumbList","@id":"https:\/\/sb.weboo.org\/public\/test-sema\/#breadcrumb","itemListElement":[{"@type":"ListItem","position":1,"name":"Accueil","item":"https:\/\/sb.weboo.org\/public\/test-sema\/"},{"@type":"ListItem","position":2,"name":"Accueil"}]},{"@type":"WebSite","@id":"https:\/\/sb.weboo.org\/public\/test-sema\/#website","url":"https:\/\/sb.weboo.org\/public\/test-sema\/","name":"Cycles Semaphore","description":"Le v\u00e9lo pour transformer le quotidien","publisher":{"@id":"https:\/\/sb.weboo.org\/public\/test-sema\/#organization"},"potentialAction":[{"@type":"SearchAction","target":{"@type":"EntryPoint","urlTemplate":"https:\/\/sb.weboo.org\/public\/test-sema\/?s={search_term_string}"},"query-input":"required name=search_term_string"}],"inLanguage":"fr-FR"},{"@type":"Organization","@id":"https:\/\/sb.weboo.org\/public\/test-sema\/#organization","name":"Cycles Semaphore","url":"https:\/\/sb.weboo.org\/public\/test-sema\/","logo":{"@type":"ImageObject","inLanguage":"fr-FR","@id":"https:\/\/sb.weboo.org\/public\/test-sema\/#\/schema\/logo\/image\/","url":"https:\/\/sb.weboo.org\/public\/test-sema\/wp-content\/uploads\/2020\/05\/CycleSemaphore_autocollant_blanc_35mm.png","contentUrl":"https:\/\/sb.weboo.org\/public\/test-sema\/wp-content\/uploads\/2020\/05\/CycleSemaphore_autocollant_blanc_35mm.png","width":413,"height":413,"caption":"Cycles Semaphore"},"image":{"@id":"https:\/\/sb.weboo.org\/public\/test-sema\/#\/schema\/logo\/image\/"},"sameAs":["https:\/\/www.instagram.com\/cyclessemaphore\/","https:\/\/www.youtube.com\/channel\/UCw3r2wCWj3eq9wPQHH-U7UA","https:\/\/www.facebook.com\/cycles.semaphore\/"]}]}},"_links":{"self":[{"href":"https:\/\/sb.weboo.org\/public\/test-sema\/wp-json\/wp\/v2\/pages\/1259"}],"collection":[{"href":"https:\/\/sb.weboo.org\/public\/test-sema\/wp-json\/wp\/v2\/pages"}],"about":[{"href":"https:\/\/sb.weboo.org\/public\/test-sema\/wp-json\/wp\/v2\/types\/page"}],"author":[{"embeddable":true,"href":"https:\/\/sb.weboo.org\/public\/test-sema\/wp-json\/wp\/v2\/users\/1"}],"replies":[{"embeddable":true,"href":"https:\/\/sb.weboo.org\/public\/test-sema\/wp-json\/wp\/v2\/comments?post=1259"}],"version-history":[{"count":66,"href":"https:\/\/sb.weboo.org\/public\/test-sema\/wp-json\/wp\/v2\/pages\/1259\/revisions"}],"predecessor-version":[{"id":2775,"href":"https:\/\/sb.weboo.org\/public\/test-sema\/wp-json\/wp\/v2\/pages\/1259\/revisions\/2775"}],"wp:attachment":[{"href":"https:\/\/sb.weboo.org\/public\/test-sema\/wp-json\/wp\/v2\/media?parent=1259"}],"curies":[{"name":"wp","href":"https:\/\/api.w.org\/{rel}","templated":true}]}}